{"id":2107,"date":"2022-03-22T17:43:27","date_gmt":"2022-03-22T21:43:27","guid":{"rendered":"http:\/\/beingblackincanada.mysites.io\/?page_id=2107"},"modified":"2022-03-22T17:43:27","modified_gmt":"2022-03-22T21:43:27","slug":"assistant-programmateur-de-festival-de-films","status":"publish","type":"page","link":"https:\/\/beingblackincanada.com\/fr\/career\/assistant-programmateur-de-festival-de-films\/","title":{"rendered":"Assistant programmateur de festival de films"},"content":{"rendered":"<p>[et_pb_section bb_built=\u00a0\u00bb1&Prime;][et_pb_row][et_pb_column type=\u00a0\u00bb4_4&Prime;][et_pb_text _builder_version=\u00a0\u00bb4.0.6&Prime; text_text_shadow_horizontal_length=\u00a0\u00bbtext_text_shadow_style,%91object Object%93&Prime; text_text_shadow_horizontal_length_tablet=\u00a0\u00bb0px\u00a0\u00bb text_text_shadow_vertical_length=\u00a0\u00bbtext_text_shadow_style,%91object Object%93&Prime; text_text_shadow_vertical_length_tablet=\u00a0\u00bb0px\u00a0\u00bb text_text_shadow_blur_strength=\u00a0\u00bbtext_text_shadow_style,%91object Object%93&Prime; text_text_shadow_blur_strength_tablet=\u00a0\u00bb1px\u00a0\u00bb link_text_shadow_horizontal_length=\u00a0\u00bblink_text_shadow_style,%91object Object%93&Prime; link_text_shadow_horizontal_length_tablet=\u00a0\u00bb0px\u00a0\u00bb link_text_shadow_vertical_length=\u00a0\u00bblink_text_shadow_style,%91object Object%93&Prime; link_text_shadow_vertical_length_tablet=\u00a0\u00bb0px\u00a0\u00bb link_text_shadow_blur_strength=\u00a0\u00bblink_text_shadow_style,%91object Object%93&Prime; link_text_shadow_blur_strength_tablet=\u00a0\u00bb1px\u00a0\u00bb ul_text_shadow_horizontal_length=\u00a0\u00bbul_text_shadow_style,%91object Object%93&Prime; ul_text_shadow_horizontal_length_tablet=\u00a0\u00bb0px\u00a0\u00bb ul_text_shadow_vertical_length=\u00a0\u00bbul_text_shadow_style,%91object Object%93&Prime; ul_text_shadow_vertical_length_tablet=\u00a0\u00bb0px\u00a0\u00bb ul_text_shadow_blur_strength=\u00a0\u00bbul_text_shadow_style,%91object Object%93&Prime; ul_text_shadow_blur_strength_tablet=\u00a0\u00bb1px\u00a0\u00bb ol_text_shadow_horizontal_length=\u00a0\u00bbol_text_shadow_style,%91object Object%93&Prime; ol_text_shadow_horizontal_length_tablet=\u00a0\u00bb0px\u00a0\u00bb ol_text_shadow_vertical_length=\u00a0\u00bbol_text_shadow_style,%91object Object%93&Prime; ol_text_shadow_vertical_length_tablet=\u00a0\u00bb0px\u00a0\u00bb ol_text_shadow_blur_strength=\u00a0\u00bbol_text_shadow_style,%91object Object%93&Prime; ol_text_shadow_blur_strength_tablet=\u00a0\u00bb1px\u00a0\u00bb quote_text_shadow_horizontal_length=\u00a0\u00bbquote_text_shadow_style,%91object Object%93&Prime; quote_text_shadow_horizontal_length_tablet=\u00a0\u00bb0px\u00a0\u00bb quote_text_shadow_vertical_length=\u00a0\u00bbquote_text_shadow_style,%91object Object%93&Prime; quote_text_shadow_vertical_length_tablet=\u00a0\u00bb0px\u00a0\u00bb quote_text_shadow_blur_strength=\u00a0\u00bbquote_text_shadow_style,%91object Object%93&Prime; quote_text_shadow_blur_strength_tablet=\u00a0\u00bb1px\u00a0\u00bb header_text_shadow_horizontal_length=\u00a0\u00bbheader_text_shadow_style,%91object Object%93&Prime; header_text_shadow_horizontal_length_tablet=\u00a0\u00bb0px\u00a0\u00bb header_text_shadow_vertical_length=\u00a0\u00bbheader_text_shadow_style,%91object Object%93&Prime; header_text_shadow_vertical_length_tablet=\u00a0\u00bb0px\u00a0\u00bb header_text_shadow_blur_strength=\u00a0\u00bbheader_text_shadow_style,%91object Object%93&Prime; header_text_shadow_blur_strength_tablet=\u00a0\u00bb1px\u00a0\u00bb header_2_text_shadow_horizontal_length=\u00a0\u00bbheader_2_text_shadow_style,%91object Object%93&Prime; header_2_text_shadow_horizontal_length_tablet=\u00a0\u00bb0px\u00a0\u00bb header_2_text_shadow_vertical_length=\u00a0\u00bbheader_2_text_shadow_style,%91object Object%93&Prime; header_2_text_shadow_vertical_length_tablet=\u00a0\u00bb0px\u00a0\u00bb header_2_text_shadow_blur_strength=\u00a0\u00bbheader_2_text_shadow_style,%91object Object%93&Prime; header_2_text_shadow_blur_strength_tablet=\u00a0\u00bb1px\u00a0\u00bb header_3_text_shadow_horizontal_length=\u00a0\u00bbheader_3_text_shadow_style,%91object Object%93&Prime; header_3_text_shadow_horizontal_length_tablet=\u00a0\u00bb0px\u00a0\u00bb header_3_text_shadow_vertical_length=\u00a0\u00bbheader_3_text_shadow_style,%91object Object%93&Prime; header_3_text_shadow_vertical_length_tablet=\u00a0\u00bb0px\u00a0\u00bb header_3_text_shadow_blur_strength=\u00a0\u00bbheader_3_text_shadow_style,%91object Object%93&Prime; header_3_text_shadow_blur_strength_tablet=\u00a0\u00bb1px\u00a0\u00bb header_4_text_shadow_horizontal_length=\u00a0\u00bbheader_4_text_shadow_style,%91object Object%93&Prime; header_4_text_shadow_horizontal_length_tablet=\u00a0\u00bb0px\u00a0\u00bb header_4_text_shadow_vertical_length=\u00a0\u00bbheader_4_text_shadow_style,%91object Object%93&Prime; header_4_text_shadow_vertical_length_tablet=\u00a0\u00bb0px\u00a0\u00bb header_4_text_shadow_blur_strength=\u00a0\u00bbheader_4_text_shadow_style,%91object Object%93&Prime; header_4_text_shadow_blur_strength_tablet=\u00a0\u00bb1px\u00a0\u00bb header_5_text_shadow_horizontal_length=\u00a0\u00bbheader_5_text_shadow_style,%91object Object%93&Prime; header_5_text_shadow_horizontal_length_tablet=\u00a0\u00bb0px\u00a0\u00bb header_5_text_shadow_vertical_length=\u00a0\u00bbheader_5_text_shadow_style,%91object Object%93&Prime; header_5_text_shadow_vertical_length_tablet=\u00a0\u00bb0px\u00a0\u00bb header_5_text_shadow_blur_strength=\u00a0\u00bbheader_5_text_shadow_style,%91object Object%93&Prime; header_5_text_shadow_blur_strength_tablet=\u00a0\u00bb1px\u00a0\u00bb header_6_text_shadow_horizontal_length=\u00a0\u00bbheader_6_text_shadow_style,%91object Object%93&Prime; header_6_text_shadow_horizontal_length_tablet=\u00a0\u00bb0px\u00a0\u00bb header_6_text_shadow_vertical_length=\u00a0\u00bbheader_6_text_shadow_style,%91object Object%93&Prime; header_6_text_shadow_vertical_length_tablet=\u00a0\u00bb0px\u00a0\u00bb header_6_text_shadow_blur_strength=\u00a0\u00bbheader_6_text_shadow_style,%91object Object%93&Prime; header_6_text_shadow_blur_strength_tablet=\u00a0\u00bb1px\u00a0\u00bb box_shadow_horizontal_tablet=\u00a0\u00bb0px\u00a0\u00bb box_shadow_vertical_tablet=\u00a0\u00bb0px\u00a0\u00bb box_shadow_blur_tablet=\u00a0\u00bb40px\u00a0\u00bb box_shadow_spread_tablet=\u00a0\u00bb0px\u00a0\u00bb z_index_tablet=\u00a0\u00bb500&Prime;]<\/p>\n<section class=\"elementor-section elementor-top-section elementor-element elementor-element-35c4b4d2 elementor-section-boxed elementor-section-height-default elementor-section-height-default\" data-id=\"35c4b4d2\" data-element_type=\"section\">\n<div class=\"elementor-container elementor-column-gap-default\">\n<div class=\"elementor-row\">\n<div class=\"elementor-column elementor-col-100 elementor-top-column elementor-element elementor-element-ad9a6f7\" data-id=\"ad9a6f7\" data-element_type=\"column\">\n<div class=\"elementor-column-wrap elementor-element-populated\">\n<div class=\"elementor-widget-wrap\">\n<div class=\"elementor-element elementor-element-51515292 elementor-widget elementor-widget-heading\" data-id=\"51515292\" data-element_type=\"widget\" data-widget_type=\"heading.default\">\n<div class=\"elementor-widget-container\">\n<h4 class=\"elementor-heading-title elementor-size-default\"><b>Assistant programmateur de festival de films<\/b><\/h4>\n<\/div>\n<\/div>\n<\/div>\n<\/div>\n<\/div>\n<\/div>\n<\/div>\n<\/section>\n<section class=\"elementor-section elementor-top-section elementor-element elementor-element-2bc376ce elementor-section-boxed elementor-section-height-default elementor-section-height-default\" data-id=\"2bc376ce\" data-element_type=\"section\">\n<div class=\"elementor-container elementor-column-gap-default\">\n<div class=\"elementor-row\">\n<div class=\"elementor-column elementor-col-100 elementor-top-column elementor-element elementor-element-2484e672\" data-id=\"2484e672\" data-element_type=\"column\">\n<div class=\"elementor-column-wrap elementor-element-populated\">\n<div class=\"elementor-widget-wrap\">\n<div class=\"elementor-element elementor-element-6b10f167 elementor-widget elementor-widget-text-editor\" data-id=\"6b10f167\" data-element_type=\"widget\" data-widget_type=\"text-editor.default\">\n<div class=\"elementor-widget-container\">\n<div class=\"elementor-text-editor elementor-clearfix\">\n<p><u><b>UNE BR\u00c8VE DESCRIPTION DE LA FONDATION FABIENNE COLAS<\/b><\/u><b><u><br \/><\/u><\/b><\/p>\n<p><strong>La Fondation Fabienne Colas (FCF)<\/strong>\u00a0est un organisme culturel \u00e0 but non lucratif qui se consacre \u00e0 la construction de ponts et \u00e0 l\u2019avancement de l\u2019\u00e9ducation par les arts, ainsi qu\u2019au soutien de la cr\u00e9ation, de la production, de la promotion et de la diffusion du cin\u00e9ma, des arts et de la culture au Canada et ailleurs. Pour remplir sa mission, la Fondation a mis sur pied\u00a0<b>12 festivals<\/b>\u00a0et programmes visant \u00e0 briser les barri\u00e8res, \u00e0 c\u00e9l\u00e9brer la diversit\u00e9 et \u00e0 favoriser la convivialit\u00e9, la compr\u00e9hension et l\u2019inclusion. Depuis la cr\u00e9ation de la FCF en 2005, ses initiatives\/festivals ont mis en valeur et soutenu plus de\u00a0<b>5 000 artistes<\/b>\u00a0et attir\u00e9 des\u00a0<b>millions de festivaliers<\/b>\u00a0au Canada, aux \u00c9tats-Unis, en Ha\u00efti et au Br\u00e9sil. La Fondation promeut principalement la culture noire \u00e0 Montr\u00e9al, Toronto, Halifax, Ottawa, Calgary, Vancouver, New York City et Salvador de Bahia (Br\u00e9sil), et la culture qu\u00e9b\u00e9coise \u00e0 Port-au-Prince. La Fondation est \u00e9galement \u00e0 l\u2019origine du programme Being Black in Canada de la FCF, le plus grand incubateur canadien d\u00e9di\u00e9 aux cin\u00e9astes noirs.<\/p>\n<p><u><b>PRINCIPALES RESPONSABILIT\u00c9S<\/b><\/u><\/p>\n<ul>\n<li>Recherche, visionnage, pr\u00e9s\u00e9lection, sollicitation, n\u00e9gociation, projection, \u00e9valuation et aide \u00e0 la s\u00e9lection des films.<\/li>\n<li>Invitation des stars et coordination avec leur \u00e9quipe<\/li>\n<li>Aide \u00e0 la mise en place des panels + mod\u00e9rateur<\/li>\n<li>Envoi des lauriers du festival et des lettres de s\u00e9lection aux cin\u00e9astes<\/li>\n<li>Collaboration avec le d\u00e9partement logistique pour la livraison du mat\u00e9riel cin\u00e9matographique\u00a0<\/li>\n<li>Sollicitation, s\u00e9lection et gestion des jurys + prix<\/li>\n<li>Demande de mat\u00e9riel cin\u00e9matographique aux cin\u00e9astes\/distributeurs.<\/li>\n<li>Participer aux r\u00e9unions d\u2019\u00e9quipe<\/li>\n<li>Programmer les Q&amp;R et s\u2019assurer de la pr\u00e9sence du mod\u00e9rateur<\/li>\n<li>Assurer et coordonner la pr\u00e9sence des cin\u00e9astes \u00e0 leurs projections + Q&amp;A<\/li>\n<li>Fournir du mat\u00e9riel pour le site Internet et la brochure du festival (photos, biographies, informations sur les films, bandes-annonces, etc.)<\/li>\n<li>Aider \u00e0 trouver des pan\u00e9listes ou d\u2019autres intervenants pour les ateliers, les panels, etc.\u00a0<\/li>\n<li>Communiquer pour le suivi avec les cin\u00e9astes, l\u2019\u00e9quipe, les distributeurs, etc\u2026<\/li>\n<li>Programmation et r\u00e9servation des pr\u00e9sentations de films (horaire) \/ pr\u00e9sence de stars<\/li>\n<li>Gestion des comptes FilmFreeWay pour les festivals de films noirs de la FFC<\/li>\n<li>Conception de tableaux de suivi de la programmation sur la base des informations soumises par l\u2019\u00e9quipe de FilmFreeWay pour les films s\u00e9lectionn\u00e9s<\/li>\n<li>Responsable de la traduction des synopsis et des descriptions (principalement pour le festival de Montr\u00e9al)<\/li>\n<li>Communication avec l\u2019\u00e9quipe de r\u00e9alisation, de production et de distribution des films afin d\u2019obtenir le mat\u00e9riel n\u00e9cessaire \u00e0 la programmation du festival (m\u00e9tadonn\u00e9es, fichiers vid\u00e9o, images, photos, Q&amp;A\u2026)<\/li>\n<li>Enregistrement (saisie de donn\u00e9es) de tous les films et \u00e9v\u00e9nements dans le back-end WordPress des diff\u00e9rents sites web du festival Film Black<\/li>\n<li>Coordination constante avec les d\u00e9veloppeurs pour la mise \u00e0 jour des diff\u00e9rents sites web<\/li>\n<li>Enregistrement (saisie de donn\u00e9es, m\u00e9tadonn\u00e9es, images\u2026) de tous les films sur la plateforme de visionnage en ligne CineSend.<\/li>\n<li>Toute autre t\u00e2che li\u00e9e au d\u00e9partement de la programmation<\/li>\n<\/ul>\n<p><u>QUALIFICATIONS REQUISES<\/u><\/p>\n<ul>\n<li>Formation postsecondaire en \u00e9tudes cin\u00e9matographiques<\/li>\n<li>Minimum d\u2019un an d\u2019exp\u00e9rience pertinente<\/li>\n<li>Doit \u00eatre bilingue \u2013 fran\u00e7ais et anglais<\/li>\n<li>Excellentes aptitudes \u00e0 la communication, tant \u00e0 l\u2019oral qu\u2019\u00e0 l\u2019\u00e9crit<\/li>\n<li>Maintenir un lien permanent avec tous les distributeurs, soci\u00e9t\u00e9s de production, r\u00e9alisateurs et agents d\u2019artistes pour les besoins du festival<\/li>\n<li>\u00catre citoyen Canadien<\/li>\n<\/ul>\n<div>\n<p><b><u>COMP\u00c9TENCES SOUHAIT\u00c9ES<\/u><\/b><\/p>\n<\/div>\n<ul>\n<li>Capacit\u00e9 \u00e0 travailler en \u00e9quipe et avec le public<\/li>\n<li>Excellent sens de l\u2019organisation du travail<\/li>\n<li>Capacit\u00e9 \u00e0 g\u00e9rer plusieurs dossiers en m\u00eame temps<\/li>\n<li>Grande autonomie, polyvalence et bonne capacit\u00e9 d\u2019adaptation<\/li>\n<li>Rigueur, int\u00e9grit\u00e9, diplomatie et bon jugement<\/li>\n<li>Capacit\u00e9 \u00e0 travailler sous pression (bonne gestion du stress)<\/li>\n<li>Souci du d\u00e9tail<\/li>\n<li>Connaissance et volontariat dans les festivals de films est un atout<\/li>\n<li>Solides comp\u00e9tences en mati\u00e8re de r\u00e9vision de textes<\/li>\n<li>Hautement cr\u00e9atif et motiv\u00e9, avec un engagement envers l\u2019excellence dans les arts.<\/li>\n<li>Solides comp\u00e9tences informatiques, notamment Excel et Word, et connaissance des bases de donn\u00e9es.<\/li>\n<li>Volont\u00e9 d\u2019apprendre de nouveaux syst\u00e8mes logiciels.<\/li>\n<li>B\u00e9n\u00e9volat dans les festivals de films<\/li>\n<li>Passionn\u00e9 de cin\u00e9ma<\/li>\n<li>Une exp\u00e9rience \u00e0 but non lucratif est un plus<\/li>\n<\/ul>\n<\/div>\n<\/div>\n<\/div>\n<\/div>\n<\/div>\n<\/div>\n<\/div>\n<\/div>\n<\/section>\n<section class=\"elementor-section elementor-top-section elementor-element elementor-element-2985ed09 elementor-section-boxed elementor-section-height-default elementor-section-height-default\" data-id=\"2985ed09\" data-element_type=\"section\">\n<div class=\"elementor-container elementor-column-gap-default\">\n<div class=\"elementor-row\">\n<div class=\"elementor-column elementor-col-100 elementor-top-column elementor-element elementor-element-7e1a6c9d\" data-id=\"7e1a6c9d\" data-element_type=\"column\">\n<div class=\"elementor-column-wrap elementor-element-populated\">\n<div class=\"elementor-widget-wrap\">\n<div class=\"elementor-element elementor-element-56fce5f9 elementor-widget elementor-widget-text-editor\" data-id=\"56fce5f9\" data-element_type=\"widget\" data-widget_type=\"text-editor.default\">\n<div class=\"elementor-widget-container\">\n<div class=\"elementor-text-editor elementor-clearfix\">\n<p><b><u>INFORMATIONS SUR L\u2019EMPLOI<br \/><\/u><\/b>Nous remercions tous les candidats de leur int\u00e9r\u00eat. Veuillez noter que seules les personnes s\u00e9lectionn\u00e9es pour un entretien seront contact\u00e9es.<\/p>\n<ul>\n<li>Horaires : Temps plein \u2013 Travail \u00e0 distance<\/li>\n<li>D\u00e9but imm\u00e9diat<\/li>\n<li>Salaire : D\u00e9but \u00e0 20$\/heure, selon l\u2019exp\u00e9rience<\/li>\n<li>P\u00e9riode d\u2019essai de trois mois<\/li>\n<\/ul>\n<\/div>\n<\/div>\n<\/div>\n<\/div>\n<\/div>\n<\/div>\n<\/div>\n<\/div>\n<\/section>\n<section class=\"elementor-section elementor-top-section elementor-element elementor-element-6ec9e35c elementor-section-boxed elementor-section-height-default elementor-section-height-default\" data-id=\"6ec9e35c\" data-element_type=\"section\">\n<div class=\"elementor-container elementor-column-gap-default\">\n<div class=\"elementor-row\">\n<div class=\"elementor-column elementor-col-100 elementor-top-column elementor-element elementor-element-4ce37a84\" data-id=\"4ce37a84\" data-element_type=\"column\">\n<div class=\"elementor-column-wrap elementor-element-populated\">\n<div class=\"elementor-widget-wrap\">\n<div class=\"elementor-element elementor-element-28af8b7f elementor-widget elementor-widget-text-editor\" data-id=\"28af8b7f\" data-element_type=\"widget\" data-widget_type=\"text-editor.default\">\n<div class=\"elementor-widget-container\">\n<div class=\"elementor-text-editor elementor-clearfix\">\n<p><b><u>COMMENT SOUMETTRE UNE APPLICATION<\/u><\/b><\/p>\n<p>Veuillez soumettre, par courriel et dans un seul document, votre CV accompagn\u00e9 d\u2019une lettre de pr\u00e9sentation \u00e0 l\u2019adresse :\u00a0<b>c.campeau@fondationfabiennecolas.org avec en objet : \u00ab Application au poste d\u2019Assistant programmateur de festival de films<\/b><b>\u00bb.<\/b><\/p>\n<\/div>\n<\/div>\n<\/div>\n<\/div>\n<\/div>\n<\/div>\n<\/div>\n<\/div>\n<\/section>\n<p>[\/et_pb_text][\/et_pb_column][\/et_pb_row][\/et_pb_section]<\/p>\n","protected":false},"excerpt":{"rendered":"<p><div class=\"et_pb_row et_pb_row_0 et_pb_row_empty\">\n\t\t\t\t\n\t\t\t\t\n\t\t\t\t\n\t\t\t\t\n\t\t\t\t\n\t\t\t<\/div> Assistant programmateur de festival de filmsUNE BR\u00c8VE DESCRIPTION DE LA FONDATION FABIENNE COLASLa Fondation Fabienne Colas (FCF)\u00a0est un organisme culturel \u00e0 but non lucratif qui se consacre \u00e0 la construction de ponts et \u00e0 l\u2019avancement de l\u2019\u00e9ducation par les arts, ainsi qu\u2019au soutien de la cr\u00e9ation, de la production, de la promotion et de [&hellip;]<\/p>\n","protected":false},"author":1,"featured_media":0,"parent":1802,"menu_order":0,"comment_status":"closed","ping_status":"closed","template":"","meta":{"_et_pb_use_builder":"on","_et_pb_old_content":"","_et_gb_content_width":"","footnotes":""},"class_list":["post-2107","page","type-page","status-publish","hentry"],"yoast_head":"<!-- This site is optimized with the Yoast SEO plugin v25.3.1 - https:\/\/yoast.com\/wordpress\/plugins\/seo\/ -->\n<title>Assistant programmateur de festival de films - BEING BLACK IN CANADA<\/title>\n<meta name=\"robots\" content=\"index, follow, max-snippet:-1, max-image-preview:large, max-video-preview:-1\" \/>\n<link rel=\"canonical\" href=\"https:\/\/beingblackincanada.com\/fr\/career\/assistant-programmateur-de-festival-de-films\/\" \/>\n<meta property=\"og:locale\" content=\"fr_FR\" \/>\n<meta property=\"og:type\" content=\"article\" \/>\n<meta property=\"og:title\" content=\"Assistant programmateur de festival de films - BEING BLACK IN CANADA\" \/>\n<meta property=\"og:description\" content=\"Assistant programmateur de festival de filmsUNE BR\u00c8VE DESCRIPTION DE LA FONDATION FABIENNE COLASLa Fondation Fabienne Colas (FCF)\u00a0est un organisme culturel \u00e0 but non lucratif qui se consacre \u00e0 la construction de ponts et \u00e0 l\u2019avancement de l\u2019\u00e9ducation par les arts, ainsi qu\u2019au soutien de la cr\u00e9ation, de la production, de la promotion et de [&hellip;]\" \/>\n<meta property=\"og:url\" content=\"https:\/\/beingblackincanada.com\/fr\/career\/assistant-programmateur-de-festival-de-films\/\" \/>\n<meta property=\"og:site_name\" content=\"BEING BLACK IN CANADA\" \/>\n<meta name=\"twitter:card\" content=\"summary_large_image\" \/>\n<meta name=\"twitter:label1\" content=\"Dur\u00e9e de lecture estim\u00e9e\" \/>\n\t<meta name=\"twitter:data1\" content=\"7 minutes\" \/>\n<script type=\"application\/ld+json\" class=\"yoast-schema-graph\">{\"@context\":\"https:\/\/schema.org\",\"@graph\":[{\"@type\":\"WebPage\",\"@id\":\"https:\/\/beingblackincanada.com\/fr\/career\/assistant-programmateur-de-festival-de-films\/\",\"url\":\"https:\/\/beingblackincanada.com\/fr\/career\/assistant-programmateur-de-festival-de-films\/\",\"name\":\"Assistant programmateur de festival de films - BEING BLACK IN CANADA\",\"isPartOf\":{\"@id\":\"https:\/\/beingblackincanada.com\/#website\"},\"datePublished\":\"2022-03-22T21:43:27+00:00\",\"breadcrumb\":{\"@id\":\"https:\/\/beingblackincanada.com\/fr\/career\/assistant-programmateur-de-festival-de-films\/#breadcrumb\"},\"inLanguage\":\"fr-FR\",\"potentialAction\":[{\"@type\":\"ReadAction\",\"target\":[\"https:\/\/beingblackincanada.com\/fr\/career\/assistant-programmateur-de-festival-de-films\/\"]}]},{\"@type\":\"BreadcrumbList\",\"@id\":\"https:\/\/beingblackincanada.com\/fr\/career\/assistant-programmateur-de-festival-de-films\/#breadcrumb\",\"itemListElement\":[{\"@type\":\"ListItem\",\"position\":1,\"name\":\"Home\",\"item\":\"https:\/\/beingblackincanada.com\/fr\/\"},{\"@type\":\"ListItem\",\"position\":2,\"name\":\"Career\",\"item\":\"https:\/\/beingblackincanada.com\/career\/\"},{\"@type\":\"ListItem\",\"position\":3,\"name\":\"Assistant programmateur de festival de films\"}]},{\"@type\":\"WebSite\",\"@id\":\"https:\/\/beingblackincanada.com\/#website\",\"url\":\"https:\/\/beingblackincanada.com\/\",\"name\":\"BEING BLACK IN CANADA\",\"description\":\"\",\"potentialAction\":[{\"@type\":\"SearchAction\",\"target\":{\"@type\":\"EntryPoint\",\"urlTemplate\":\"https:\/\/beingblackincanada.com\/?s={search_term_string}\"},\"query-input\":{\"@type\":\"PropertyValueSpecification\",\"valueRequired\":true,\"valueName\":\"search_term_string\"}}],\"inLanguage\":\"fr-FR\"}]}<\/script>\n<!-- \/ Yoast SEO plugin. -->","yoast_head_json":{"title":"Assistant programmateur de festival de films - BEING BLACK IN CANADA","robots":{"index":"index","follow":"follow","max-snippet":"max-snippet:-1","max-image-preview":"max-image-preview:large","max-video-preview":"max-video-preview:-1"},"canonical":"https:\/\/beingblackincanada.com\/fr\/career\/assistant-programmateur-de-festival-de-films\/","og_locale":"fr_FR","og_type":"article","og_title":"Assistant programmateur de festival de films - BEING BLACK IN CANADA","og_description":"Assistant programmateur de festival de filmsUNE BR\u00c8VE DESCRIPTION DE LA FONDATION FABIENNE COLASLa Fondation Fabienne Colas (FCF)\u00a0est un organisme culturel \u00e0 but non lucratif qui se consacre \u00e0 la construction de ponts et \u00e0 l\u2019avancement de l\u2019\u00e9ducation par les arts, ainsi qu\u2019au soutien de la cr\u00e9ation, de la production, de la promotion et de [&hellip;]","og_url":"https:\/\/beingblackincanada.com\/fr\/career\/assistant-programmateur-de-festival-de-films\/","og_site_name":"BEING BLACK IN CANADA","twitter_card":"summary_large_image","twitter_misc":{"Dur\u00e9e de lecture estim\u00e9e":"7 minutes"},"schema":{"@context":"https:\/\/schema.org","@graph":[{"@type":"WebPage","@id":"https:\/\/beingblackincanada.com\/fr\/career\/assistant-programmateur-de-festival-de-films\/","url":"https:\/\/beingblackincanada.com\/fr\/career\/assistant-programmateur-de-festival-de-films\/","name":"Assistant programmateur de festival de films - BEING BLACK IN CANADA","isPartOf":{"@id":"https:\/\/beingblackincanada.com\/#website"},"datePublished":"2022-03-22T21:43:27+00:00","breadcrumb":{"@id":"https:\/\/beingblackincanada.com\/fr\/career\/assistant-programmateur-de-festival-de-films\/#breadcrumb"},"inLanguage":"fr-FR","potentialAction":[{"@type":"ReadAction","target":["https:\/\/beingblackincanada.com\/fr\/career\/assistant-programmateur-de-festival-de-films\/"]}]},{"@type":"BreadcrumbList","@id":"https:\/\/beingblackincanada.com\/fr\/career\/assistant-programmateur-de-festival-de-films\/#breadcrumb","itemListElement":[{"@type":"ListItem","position":1,"name":"Home","item":"https:\/\/beingblackincanada.com\/fr\/"},{"@type":"ListItem","position":2,"name":"Career","item":"https:\/\/beingblackincanada.com\/career\/"},{"@type":"ListItem","position":3,"name":"Assistant programmateur de festival de films"}]},{"@type":"WebSite","@id":"https:\/\/beingblackincanada.com\/#website","url":"https:\/\/beingblackincanada.com\/","name":"BEING BLACK IN CANADA","description":"","potentialAction":[{"@type":"SearchAction","target":{"@type":"EntryPoint","urlTemplate":"https:\/\/beingblackincanada.com\/?s={search_term_string}"},"query-input":{"@type":"PropertyValueSpecification","valueRequired":true,"valueName":"search_term_string"}}],"inLanguage":"fr-FR"}]}},"_links":{"self":[{"href":"https:\/\/beingblackincanada.com\/fr\/wp-json\/wp\/v2\/pages\/2107","targetHints":{"allow":["GET"]}}],"collection":[{"href":"https:\/\/beingblackincanada.com\/fr\/wp-json\/wp\/v2\/pages"}],"about":[{"href":"https:\/\/beingblackincanada.com\/fr\/wp-json\/wp\/v2\/types\/page"}],"author":[{"embeddable":true,"href":"https:\/\/beingblackincanada.com\/fr\/wp-json\/wp\/v2\/users\/1"}],"replies":[{"embeddable":true,"href":"https:\/\/beingblackincanada.com\/fr\/wp-json\/wp\/v2\/comments?post=2107"}],"version-history":[{"count":0,"href":"https:\/\/beingblackincanada.com\/fr\/wp-json\/wp\/v2\/pages\/2107\/revisions"}],"up":[{"embeddable":true,"href":"https:\/\/beingblackincanada.com\/fr\/wp-json\/wp\/v2\/pages\/1802"}],"wp:attachment":[{"href":"https:\/\/beingblackincanada.com\/fr\/wp-json\/wp\/v2\/media?parent=2107"}],"curies":[{"name":"wp","href":"https:\/\/api.w.org\/{rel}","templated":true}]}}