{"id":2104,"date":"2022-03-22T17:41:55","date_gmt":"2022-03-22T21:41:55","guid":{"rendered":"http:\/\/beingblackincanada.mysites.io\/?page_id=2104"},"modified":"2022-03-22T17:41:55","modified_gmt":"2022-03-22T21:41:55","slug":"programmateur-de-festivals-de-films","status":"publish","type":"page","link":"https:\/\/beingblackincanada.com\/fr\/career\/programmateur-de-festivals-de-films\/","title":{"rendered":"Programmateur de festivals de films"},"content":{"rendered":"<p>[et_pb_section bb_built=\u00a0\u00bb1&Prime;][et_pb_row][et_pb_column type=\u00a0\u00bb4_4&Prime;][et_pb_text _builder_version=\u00a0\u00bb4.0.6&Prime; text_text_shadow_horizontal_length=\u00a0\u00bbtext_text_shadow_style,%91object Object%93&Prime; text_text_shadow_horizontal_length_tablet=\u00a0\u00bb0px\u00a0\u00bb text_text_shadow_vertical_length=\u00a0\u00bbtext_text_shadow_style,%91object Object%93&Prime; text_text_shadow_vertical_length_tablet=\u00a0\u00bb0px\u00a0\u00bb text_text_shadow_blur_strength=\u00a0\u00bbtext_text_shadow_style,%91object Object%93&Prime; text_text_shadow_blur_strength_tablet=\u00a0\u00bb1px\u00a0\u00bb link_text_shadow_horizontal_length=\u00a0\u00bblink_text_shadow_style,%91object Object%93&Prime; link_text_shadow_horizontal_length_tablet=\u00a0\u00bb0px\u00a0\u00bb link_text_shadow_vertical_length=\u00a0\u00bblink_text_shadow_style,%91object Object%93&Prime; link_text_shadow_vertical_length_tablet=\u00a0\u00bb0px\u00a0\u00bb link_text_shadow_blur_strength=\u00a0\u00bblink_text_shadow_style,%91object Object%93&Prime; link_text_shadow_blur_strength_tablet=\u00a0\u00bb1px\u00a0\u00bb ul_text_shadow_horizontal_length=\u00a0\u00bbul_text_shadow_style,%91object Object%93&Prime; ul_text_shadow_horizontal_length_tablet=\u00a0\u00bb0px\u00a0\u00bb ul_text_shadow_vertical_length=\u00a0\u00bbul_text_shadow_style,%91object Object%93&Prime; ul_text_shadow_vertical_length_tablet=\u00a0\u00bb0px\u00a0\u00bb ul_text_shadow_blur_strength=\u00a0\u00bbul_text_shadow_style,%91object Object%93&Prime; ul_text_shadow_blur_strength_tablet=\u00a0\u00bb1px\u00a0\u00bb ol_text_shadow_horizontal_length=\u00a0\u00bbol_text_shadow_style,%91object Object%93&Prime; ol_text_shadow_horizontal_length_tablet=\u00a0\u00bb0px\u00a0\u00bb ol_text_shadow_vertical_length=\u00a0\u00bbol_text_shadow_style,%91object Object%93&Prime; ol_text_shadow_vertical_length_tablet=\u00a0\u00bb0px\u00a0\u00bb ol_text_shadow_blur_strength=\u00a0\u00bbol_text_shadow_style,%91object Object%93&Prime; ol_text_shadow_blur_strength_tablet=\u00a0\u00bb1px\u00a0\u00bb quote_text_shadow_horizontal_length=\u00a0\u00bbquote_text_shadow_style,%91object Object%93&Prime; quote_text_shadow_horizontal_length_tablet=\u00a0\u00bb0px\u00a0\u00bb quote_text_shadow_vertical_length=\u00a0\u00bbquote_text_shadow_style,%91object Object%93&Prime; quote_text_shadow_vertical_length_tablet=\u00a0\u00bb0px\u00a0\u00bb quote_text_shadow_blur_strength=\u00a0\u00bbquote_text_shadow_style,%91object Object%93&Prime; quote_text_shadow_blur_strength_tablet=\u00a0\u00bb1px\u00a0\u00bb header_text_shadow_horizontal_length=\u00a0\u00bbheader_text_shadow_style,%91object Object%93&Prime; header_text_shadow_horizontal_length_tablet=\u00a0\u00bb0px\u00a0\u00bb header_text_shadow_vertical_length=\u00a0\u00bbheader_text_shadow_style,%91object Object%93&Prime; header_text_shadow_vertical_length_tablet=\u00a0\u00bb0px\u00a0\u00bb header_text_shadow_blur_strength=\u00a0\u00bbheader_text_shadow_style,%91object Object%93&Prime; header_text_shadow_blur_strength_tablet=\u00a0\u00bb1px\u00a0\u00bb header_2_text_shadow_horizontal_length=\u00a0\u00bbheader_2_text_shadow_style,%91object Object%93&Prime; header_2_text_shadow_horizontal_length_tablet=\u00a0\u00bb0px\u00a0\u00bb header_2_text_shadow_vertical_length=\u00a0\u00bbheader_2_text_shadow_style,%91object Object%93&Prime; header_2_text_shadow_vertical_length_tablet=\u00a0\u00bb0px\u00a0\u00bb header_2_text_shadow_blur_strength=\u00a0\u00bbheader_2_text_shadow_style,%91object Object%93&Prime; header_2_text_shadow_blur_strength_tablet=\u00a0\u00bb1px\u00a0\u00bb header_3_text_shadow_horizontal_length=\u00a0\u00bbheader_3_text_shadow_style,%91object Object%93&Prime; header_3_text_shadow_horizontal_length_tablet=\u00a0\u00bb0px\u00a0\u00bb header_3_text_shadow_vertical_length=\u00a0\u00bbheader_3_text_shadow_style,%91object Object%93&Prime; header_3_text_shadow_vertical_length_tablet=\u00a0\u00bb0px\u00a0\u00bb header_3_text_shadow_blur_strength=\u00a0\u00bbheader_3_text_shadow_style,%91object Object%93&Prime; header_3_text_shadow_blur_strength_tablet=\u00a0\u00bb1px\u00a0\u00bb header_4_text_shadow_horizontal_length=\u00a0\u00bbheader_4_text_shadow_style,%91object Object%93&Prime; header_4_text_shadow_horizontal_length_tablet=\u00a0\u00bb0px\u00a0\u00bb header_4_text_shadow_vertical_length=\u00a0\u00bbheader_4_text_shadow_style,%91object Object%93&Prime; header_4_text_shadow_vertical_length_tablet=\u00a0\u00bb0px\u00a0\u00bb header_4_text_shadow_blur_strength=\u00a0\u00bbheader_4_text_shadow_style,%91object Object%93&Prime; header_4_text_shadow_blur_strength_tablet=\u00a0\u00bb1px\u00a0\u00bb header_5_text_shadow_horizontal_length=\u00a0\u00bbheader_5_text_shadow_style,%91object Object%93&Prime; header_5_text_shadow_horizontal_length_tablet=\u00a0\u00bb0px\u00a0\u00bb header_5_text_shadow_vertical_length=\u00a0\u00bbheader_5_text_shadow_style,%91object Object%93&Prime; header_5_text_shadow_vertical_length_tablet=\u00a0\u00bb0px\u00a0\u00bb header_5_text_shadow_blur_strength=\u00a0\u00bbheader_5_text_shadow_style,%91object Object%93&Prime; header_5_text_shadow_blur_strength_tablet=\u00a0\u00bb1px\u00a0\u00bb header_6_text_shadow_horizontal_length=\u00a0\u00bbheader_6_text_shadow_style,%91object Object%93&Prime; header_6_text_shadow_horizontal_length_tablet=\u00a0\u00bb0px\u00a0\u00bb header_6_text_shadow_vertical_length=\u00a0\u00bbheader_6_text_shadow_style,%91object Object%93&Prime; header_6_text_shadow_vertical_length_tablet=\u00a0\u00bb0px\u00a0\u00bb header_6_text_shadow_blur_strength=\u00a0\u00bbheader_6_text_shadow_style,%91object Object%93&Prime; header_6_text_shadow_blur_strength_tablet=\u00a0\u00bb1px\u00a0\u00bb box_shadow_horizontal_tablet=\u00a0\u00bb0px\u00a0\u00bb box_shadow_vertical_tablet=\u00a0\u00bb0px\u00a0\u00bb box_shadow_blur_tablet=\u00a0\u00bb40px\u00a0\u00bb box_shadow_spread_tablet=\u00a0\u00bb0px\u00a0\u00bb z_index_tablet=\u00a0\u00bb500&Prime;]<\/p>\n<section class=\"elementor-section elementor-top-section elementor-element elementor-element-5f24f8a9 elementor-section-boxed elementor-section-height-default elementor-section-height-default\" data-id=\"5f24f8a9\" data-element_type=\"section\">\n<div class=\"elementor-container elementor-column-gap-default\">\n<div class=\"elementor-row\">\n<div class=\"elementor-column elementor-col-100 elementor-top-column elementor-element elementor-element-ce77bb3\" data-id=\"ce77bb3\" data-element_type=\"column\">\n<div class=\"elementor-column-wrap elementor-element-populated\">\n<div class=\"elementor-widget-wrap\">\n<div class=\"elementor-element elementor-element-15137554 elementor-widget elementor-widget-heading\" data-id=\"15137554\" data-element_type=\"widget\" data-widget_type=\"heading.default\">\n<div class=\"elementor-widget-container\">\n<section class=\"elementor-section elementor-top-section elementor-element elementor-element-5f24f8a9 elementor-section-boxed elementor-section-height-default elementor-section-height-default\" data-id=\"5f24f8a9\" data-element_type=\"section\">\n<div class=\"elementor-container elementor-column-gap-default\">\n<div class=\"elementor-row\">\n<div class=\"elementor-column elementor-col-100 elementor-top-column elementor-element elementor-element-ce77bb3\" data-id=\"ce77bb3\" data-element_type=\"column\">\n<div class=\"elementor-column-wrap elementor-element-populated\">\n<div class=\"elementor-widget-wrap\">\n<div class=\"elementor-element elementor-element-15137554 elementor-widget elementor-widget-heading\" data-id=\"15137554\" data-element_type=\"widget\" data-widget_type=\"heading.default\">\n<div class=\"elementor-widget-container\">\n<h4 class=\"elementor-heading-title elementor-size-default\"><b>Programmateur de festivals de films<\/b><\/h4>\n<\/div>\n<\/div>\n<\/div>\n<\/div>\n<\/div>\n<\/div>\n<\/div>\n<\/section>\n<section class=\"elementor-section elementor-top-section elementor-element elementor-element-61d64efd elementor-section-boxed elementor-section-height-default elementor-section-height-default\" data-id=\"61d64efd\" data-element_type=\"section\">\n<div class=\"elementor-container elementor-column-gap-default\">\n<div class=\"elementor-row\">\n<div class=\"elementor-column elementor-col-100 elementor-top-column elementor-element elementor-element-71629120\" data-id=\"71629120\" data-element_type=\"column\">\n<div class=\"elementor-column-wrap elementor-element-populated\">\n<div class=\"elementor-widget-wrap\">\n<div class=\"elementor-element elementor-element-5faaac02 elementor-widget elementor-widget-text-editor\" data-id=\"5faaac02\" data-element_type=\"widget\" data-widget_type=\"text-editor.default\">\n<div class=\"elementor-widget-container\">\n<div class=\"elementor-text-editor elementor-clearfix\">\n<p><u><b>UNE BR\u00c8VE DESCRIPTION DE LA FONDATION FABIENNE COLAS<\/b><\/u><b><u><br \/><\/u><\/b><\/p>\n<p><strong>La Fondation Fabienne Colas (FCF)<\/strong>\u00a0est un organisme culturel \u00e0 but non lucratif qui se consacre \u00e0 la construction de ponts et \u00e0 l\u2019avancement de l\u2019\u00e9ducation par les arts, ainsi qu\u2019au soutien de la cr\u00e9ation, de la production, de la promotion et de la diffusion du cin\u00e9ma, des arts et de la culture au Canada et ailleurs. Pour remplir sa mission, la Fondation a mis sur pied\u00a0<b>12 festivals<\/b>\u00a0et programmes visant \u00e0 briser les barri\u00e8res, \u00e0 c\u00e9l\u00e9brer la diversit\u00e9 et \u00e0 favoriser la convivialit\u00e9, la compr\u00e9hension et l\u2019inclusion. Depuis la cr\u00e9ation de la FCF en 2005, ses initiatives\/festivals ont mis en valeur et soutenu plus de\u00a0<b>5 000 artistes<\/b>\u00a0et attir\u00e9 des\u00a0<b>millions de festivaliers<\/b>\u00a0au Canada, aux \u00c9tats-Unis, en Ha\u00efti et au Br\u00e9sil. La Fondation promeut principalement la culture noire \u00e0 Montr\u00e9al, Toronto, Halifax, Ottawa, Calgary, Vancouver, New York City et Salvador de Bahia (Br\u00e9sil), et la culture qu\u00e9b\u00e9coise \u00e0 Port-au-Prince. La Fondation est \u00e9galement \u00e0 l\u2019origine du programme Being Black in Canada de la FCF, le plus grand incubateur canadien d\u00e9di\u00e9 aux cin\u00e9astes noirs.<\/p>\n<p><u><b>PRINCIPALES RESPONSABILIT\u00c9S<\/b><\/u><\/p>\n<ul>\n<li>Rechercher, visionner, solliciter, projeter, \u00e9valuer et aider \u00e0 s\u00e9lectionner des films.<\/li>\n<li>N\u00e9gocier des accords avec les cin\u00e9astes, les distributeurs, les pan\u00e9listes et les invit\u00e9s<\/li>\n<li>S\u00e9lectionner le film d\u2019ouverture et de cl\u00f4ture\u00a0<\/li>\n<li>Travailler avec les autres programmateurs tout au long du processus de s\u00e9lection des films<\/li>\n<li>Travailler avec le d\u00e9partement logistique pour la livraison du mat\u00e9riel cin\u00e9matographique<\/li>\n<li>Communiquer et entretenir une excellente relation avec les cin\u00e9astes\/distributeurs et les producteurs\u00a0<\/li>\n<li>S\u00e9lectionner les films en comp\u00e9tition pour le jury<\/li>\n<li>S\u00e9lectionner des films dont les th\u00e8mes sont diversifi\u00e9s<\/li>\n<li>N\u00e9gocier les droits des films avec les distributeurs<\/li>\n<li>Assurer le suivi avec le d\u00e9partement de la comptabilit\u00e9 concernant les paiements des factures pour les droits des films<\/li>\n<li>Programmation et r\u00e9servation pour les pr\u00e9sentations de films (calendrier) \/ pr\u00e9sence des stars<\/li>\n<li>Participer aux r\u00e9unions hebdomadaires avec l\u2019\u00e9quipe de programmation (virtuellement pour l\u2019instant)<\/li>\n<li>Proposer des films au d\u00e9partement presse\/promo pour diff\u00e9rents m\u00e9dias<\/li>\n<li>Toute autre t\u00e2che li\u00e9e au d\u00e9partement de la programmation<\/li>\n<\/ul>\n<p><u>QUALIFICATIONS REQUISES<\/u><\/p>\n<ul>\n<li>Dipl\u00f4me coll\u00e9gial ou universitaire en \u00e9tudes cin\u00e9matographiques<\/li>\n<li>Minimum de 4 ans d\u2019exp\u00e9rience pertinente<\/li>\n<li>\u00catre \u00e0 l\u2019aise pour parler aux m\u00e9dias et \u00e0 la presse du programme du festival<\/li>\n<li>Doit \u00eatre bilingue \u2013 fran\u00e7ais et anglais<\/li>\n<li>Excellentes comp\u00e9tences en communication, tant \u00e0 l\u2019oral qu\u2019\u00e0 l\u2019\u00e9crit<\/li>\n<li>Maintenir un lien permanent avec tous les distributeurs, soci\u00e9t\u00e9s de production, r\u00e9alisateurs et artistes agents pour les besoins du festival<\/li>\n<li>\u00catre citoyen Canadien<\/li>\n<\/ul>\n<div>\n<p><b><u>COMP\u00c9TENCES SOUHAIT\u00c9ES<\/u><\/b><\/p>\n<\/div>\n<ul>\n<li>Capacit\u00e9 \u00e0 travailler en \u00e9quipe et avec le public<\/li>\n<li>Excellent sens de l\u2019organisation du travail<\/li>\n<li>Capacit\u00e9 \u00e0 g\u00e9rer plusieurs dossiers en m\u00eame temps<\/li>\n<li>Grande autonomie, polyvalence et bonne capacit\u00e9 d\u2019adaptation<\/li>\n<li>Rigueur, int\u00e9grit\u00e9, diplomatie et bon jugement<\/li>\n<li>Capacit\u00e9 \u00e0 travailler sous pression (bonne gestion du stress)<\/li>\n<li>Souci du d\u00e9tail<\/li>\n<li>Connaissance et volontariat dans les festivals de films est un atout<\/li>\n<li>Solides comp\u00e9tences en mati\u00e8re de r\u00e9vision de textes<\/li>\n<li>Hautement cr\u00e9atif et motiv\u00e9, avec un engagement envers l\u2019excellence dans les arts.<\/li>\n<li>Solides comp\u00e9tences informatiques, notamment Excel et Word, et connaissance des bases de donn\u00e9es.<\/li>\n<li>Volont\u00e9 d\u2019apprendre de nouveaux syst\u00e8mes logiciels.<\/li>\n<li>B\u00e9n\u00e9volat dans les festivals de films<\/li>\n<li>Passionn\u00e9 de cin\u00e9ma<\/li>\n<li>Une exp\u00e9rience \u00e0 but non lucratif est un plus<\/li>\n<\/ul>\n<\/div>\n<\/div>\n<\/div>\n<\/div>\n<\/div>\n<\/div>\n<\/div>\n<\/div>\n<\/section>\n<section class=\"elementor-section elementor-top-section elementor-element elementor-element-36e7d531 elementor-section-boxed elementor-section-height-default elementor-section-height-default\" data-id=\"36e7d531\" data-element_type=\"section\">\n<div class=\"elementor-container elementor-column-gap-default\">\n<div class=\"elementor-row\">\n<div class=\"elementor-column elementor-col-100 elementor-top-column elementor-element elementor-element-61d0af59\" data-id=\"61d0af59\" data-element_type=\"column\">\n<div class=\"elementor-column-wrap elementor-element-populated\">\n<div class=\"elementor-widget-wrap\">\n<div class=\"elementor-element elementor-element-298bccc9 elementor-widget elementor-widget-text-editor\" data-id=\"298bccc9\" data-element_type=\"widget\" data-widget_type=\"text-editor.default\">\n<div class=\"elementor-widget-container\">\n<div class=\"elementor-text-editor elementor-clearfix\">\n<p><b><u>INFORMATIONS SUR L\u2019EMPLOI<br \/><\/u><\/b>Nous remercions tous les candidats de leur int\u00e9r\u00eat. Veuillez noter que seules les personnes s\u00e9lectionn\u00e9es pour un entretien seront contact\u00e9es.<\/p>\n<ul>\n<li>Horaires : Temps plein \u2013 Travail \u00e0 distance<\/li>\n<li>D\u00e9but imm\u00e9diat<\/li>\n<li>Salaire : D\u00e9but \u00e0 44K, selon l\u2019exp\u00e9rience<\/li>\n<li>P\u00e9riode d\u2019essai de trois mois<\/li>\n<\/ul>\n<div>\u00a0<\/div>\n<\/div>\n<\/div>\n<\/div>\n<\/div>\n<\/div>\n<\/div>\n<\/div>\n<\/div>\n<\/section>\n<section class=\"elementor-section elementor-top-section elementor-element elementor-element-e739ba4 elementor-section-boxed elementor-section-height-default elementor-section-height-default\" data-id=\"e739ba4\" data-element_type=\"section\">\n<div class=\"elementor-container elementor-column-gap-default\">\n<div class=\"elementor-row\">\n<div class=\"elementor-column elementor-col-100 elementor-top-column elementor-element elementor-element-f79568b\" data-id=\"f79568b\" data-element_type=\"column\">\n<div class=\"elementor-column-wrap elementor-element-populated\">\n<div class=\"elementor-widget-wrap\">\n<div class=\"elementor-element elementor-element-9ac12b1 elementor-widget elementor-widget-text-editor\" data-id=\"9ac12b1\" data-element_type=\"widget\" data-widget_type=\"text-editor.default\">\n<div class=\"elementor-widget-container\">\n<div class=\"elementor-text-editor elementor-clearfix\">\n<p><b><u>COMMENT SOUMETTRE UNE APPLICATION<\/u><\/b><\/p>\n<p>Veuillez soumettre, par courriel et dans un seul document, votre CV accompagn\u00e9 d\u2019une lettre de pr\u00e9sentation \u00e0 l\u2019adresse :\u00a0<b>c.campeau@fondationfabiennecolas.org avec en objet : \u00ab Application au poste de Programmateur de festivals de films \u00bb.<\/b>\u00a0Nous remercions tous les postulants pour leur int\u00e9r\u00eat. Veuillez noter que seules les personnes s\u00e9lectionn\u00e9es pour une entrevue seront contact\u00e9es.\u00a0<\/p>\n<\/div>\n<\/div>\n<\/div>\n<\/div>\n<\/div>\n<\/div>\n<\/div>\n<\/div>\n<\/section>\n<\/div>\n<\/div>\n<\/div>\n<\/div>\n<\/div>\n<\/div>\n<\/div>\n<\/section>\n<p>[\/et_pb_text][\/et_pb_column][\/et_pb_row][\/et_pb_section]<\/p>\n","protected":false},"excerpt":{"rendered":"<p><div class=\"et_pb_row et_pb_row_0 et_pb_row_empty\">\n\t\t\t\t\n\t\t\t\t\n\t\t\t\t\n\t\t\t\t\n\t\t\t\t\n\t\t\t<\/div> Programmateur de festivals de filmsUNE BR\u00c8VE DESCRIPTION DE LA FONDATION FABIENNE COLASLa Fondation Fabienne Colas (FCF)\u00a0est un organisme culturel \u00e0 but non lucratif qui se consacre \u00e0 la construction de ponts et \u00e0 l\u2019avancement de l\u2019\u00e9ducation par les arts, ainsi qu\u2019au soutien de la cr\u00e9ation, de la production, de la promotion et de la [&hellip;]<\/p>\n","protected":false},"author":1,"featured_media":0,"parent":1802,"menu_order":0,"comment_status":"closed","ping_status":"closed","template":"","meta":{"_et_pb_use_builder":"on","_et_pb_old_content":"","_et_gb_content_width":"","footnotes":""},"class_list":["post-2104","page","type-page","status-publish","hentry"],"yoast_head":"<!-- This site is optimized with the Yoast SEO plugin v25.3.1 - https:\/\/yoast.com\/wordpress\/plugins\/seo\/ -->\n<title>Programmateur de festivals de films - BEING BLACK IN CANADA<\/title>\n<meta name=\"robots\" content=\"index, follow, max-snippet:-1, max-image-preview:large, max-video-preview:-1\" \/>\n<link rel=\"canonical\" href=\"https:\/\/beingblackincanada.com\/fr\/career\/programmateur-de-festivals-de-films\/\" \/>\n<meta property=\"og:locale\" content=\"fr_FR\" \/>\n<meta property=\"og:type\" content=\"article\" \/>\n<meta property=\"og:title\" content=\"Programmateur de festivals de films - BEING BLACK IN CANADA\" \/>\n<meta property=\"og:description\" content=\"Programmateur de festivals de filmsUNE BR\u00c8VE DESCRIPTION DE LA FONDATION FABIENNE COLASLa Fondation Fabienne Colas (FCF)\u00a0est un organisme culturel \u00e0 but non lucratif qui se consacre \u00e0 la construction de ponts et \u00e0 l\u2019avancement de l\u2019\u00e9ducation par les arts, ainsi qu\u2019au soutien de la cr\u00e9ation, de la production, de la promotion et de la [&hellip;]\" \/>\n<meta property=\"og:url\" content=\"https:\/\/beingblackincanada.com\/fr\/career\/programmateur-de-festivals-de-films\/\" \/>\n<meta property=\"og:site_name\" content=\"BEING BLACK IN CANADA\" \/>\n<meta name=\"twitter:card\" content=\"summary_large_image\" \/>\n<meta name=\"twitter:label1\" content=\"Dur\u00e9e de lecture estim\u00e9e\" \/>\n\t<meta name=\"twitter:data1\" content=\"7 minutes\" \/>\n<script type=\"application\/ld+json\" class=\"yoast-schema-graph\">{\"@context\":\"https:\/\/schema.org\",\"@graph\":[{\"@type\":\"WebPage\",\"@id\":\"https:\/\/beingblackincanada.com\/fr\/career\/programmateur-de-festivals-de-films\/\",\"url\":\"https:\/\/beingblackincanada.com\/fr\/career\/programmateur-de-festivals-de-films\/\",\"name\":\"Programmateur de festivals de films - BEING BLACK IN CANADA\",\"isPartOf\":{\"@id\":\"https:\/\/beingblackincanada.com\/#website\"},\"datePublished\":\"2022-03-22T21:41:55+00:00\",\"breadcrumb\":{\"@id\":\"https:\/\/beingblackincanada.com\/fr\/career\/programmateur-de-festivals-de-films\/#breadcrumb\"},\"inLanguage\":\"fr-FR\",\"potentialAction\":[{\"@type\":\"ReadAction\",\"target\":[\"https:\/\/beingblackincanada.com\/fr\/career\/programmateur-de-festivals-de-films\/\"]}]},{\"@type\":\"BreadcrumbList\",\"@id\":\"https:\/\/beingblackincanada.com\/fr\/career\/programmateur-de-festivals-de-films\/#breadcrumb\",\"itemListElement\":[{\"@type\":\"ListItem\",\"position\":1,\"name\":\"Home\",\"item\":\"https:\/\/beingblackincanada.com\/fr\/\"},{\"@type\":\"ListItem\",\"position\":2,\"name\":\"Career\",\"item\":\"https:\/\/beingblackincanada.com\/career\/\"},{\"@type\":\"ListItem\",\"position\":3,\"name\":\"Programmateur de festivals de films\"}]},{\"@type\":\"WebSite\",\"@id\":\"https:\/\/beingblackincanada.com\/#website\",\"url\":\"https:\/\/beingblackincanada.com\/\",\"name\":\"BEING BLACK IN CANADA\",\"description\":\"\",\"potentialAction\":[{\"@type\":\"SearchAction\",\"target\":{\"@type\":\"EntryPoint\",\"urlTemplate\":\"https:\/\/beingblackincanada.com\/?s={search_term_string}\"},\"query-input\":{\"@type\":\"PropertyValueSpecification\",\"valueRequired\":true,\"valueName\":\"search_term_string\"}}],\"inLanguage\":\"fr-FR\"}]}<\/script>\n<!-- \/ Yoast SEO plugin. -->","yoast_head_json":{"title":"Programmateur de festivals de films - BEING BLACK IN CANADA","robots":{"index":"index","follow":"follow","max-snippet":"max-snippet:-1","max-image-preview":"max-image-preview:large","max-video-preview":"max-video-preview:-1"},"canonical":"https:\/\/beingblackincanada.com\/fr\/career\/programmateur-de-festivals-de-films\/","og_locale":"fr_FR","og_type":"article","og_title":"Programmateur de festivals de films - BEING BLACK IN CANADA","og_description":"Programmateur de festivals de filmsUNE BR\u00c8VE DESCRIPTION DE LA FONDATION FABIENNE COLASLa Fondation Fabienne Colas (FCF)\u00a0est un organisme culturel \u00e0 but non lucratif qui se consacre \u00e0 la construction de ponts et \u00e0 l\u2019avancement de l\u2019\u00e9ducation par les arts, ainsi qu\u2019au soutien de la cr\u00e9ation, de la production, de la promotion et de la [&hellip;]","og_url":"https:\/\/beingblackincanada.com\/fr\/career\/programmateur-de-festivals-de-films\/","og_site_name":"BEING BLACK IN CANADA","twitter_card":"summary_large_image","twitter_misc":{"Dur\u00e9e de lecture estim\u00e9e":"7 minutes"},"schema":{"@context":"https:\/\/schema.org","@graph":[{"@type":"WebPage","@id":"https:\/\/beingblackincanada.com\/fr\/career\/programmateur-de-festivals-de-films\/","url":"https:\/\/beingblackincanada.com\/fr\/career\/programmateur-de-festivals-de-films\/","name":"Programmateur de festivals de films - BEING BLACK IN CANADA","isPartOf":{"@id":"https:\/\/beingblackincanada.com\/#website"},"datePublished":"2022-03-22T21:41:55+00:00","breadcrumb":{"@id":"https:\/\/beingblackincanada.com\/fr\/career\/programmateur-de-festivals-de-films\/#breadcrumb"},"inLanguage":"fr-FR","potentialAction":[{"@type":"ReadAction","target":["https:\/\/beingblackincanada.com\/fr\/career\/programmateur-de-festivals-de-films\/"]}]},{"@type":"BreadcrumbList","@id":"https:\/\/beingblackincanada.com\/fr\/career\/programmateur-de-festivals-de-films\/#breadcrumb","itemListElement":[{"@type":"ListItem","position":1,"name":"Home","item":"https:\/\/beingblackincanada.com\/fr\/"},{"@type":"ListItem","position":2,"name":"Career","item":"https:\/\/beingblackincanada.com\/career\/"},{"@type":"ListItem","position":3,"name":"Programmateur de festivals de films"}]},{"@type":"WebSite","@id":"https:\/\/beingblackincanada.com\/#website","url":"https:\/\/beingblackincanada.com\/","name":"BEING BLACK IN CANADA","description":"","potentialAction":[{"@type":"SearchAction","target":{"@type":"EntryPoint","urlTemplate":"https:\/\/beingblackincanada.com\/?s={search_term_string}"},"query-input":{"@type":"PropertyValueSpecification","valueRequired":true,"valueName":"search_term_string"}}],"inLanguage":"fr-FR"}]}},"_links":{"self":[{"href":"https:\/\/beingblackincanada.com\/fr\/wp-json\/wp\/v2\/pages\/2104","targetHints":{"allow":["GET"]}}],"collection":[{"href":"https:\/\/beingblackincanada.com\/fr\/wp-json\/wp\/v2\/pages"}],"about":[{"href":"https:\/\/beingblackincanada.com\/fr\/wp-json\/wp\/v2\/types\/page"}],"author":[{"embeddable":true,"href":"https:\/\/beingblackincanada.com\/fr\/wp-json\/wp\/v2\/users\/1"}],"replies":[{"embeddable":true,"href":"https:\/\/beingblackincanada.com\/fr\/wp-json\/wp\/v2\/comments?post=2104"}],"version-history":[{"count":0,"href":"https:\/\/beingblackincanada.com\/fr\/wp-json\/wp\/v2\/pages\/2104\/revisions"}],"up":[{"embeddable":true,"href":"https:\/\/beingblackincanada.com\/fr\/wp-json\/wp\/v2\/pages\/1802"}],"wp:attachment":[{"href":"https:\/\/beingblackincanada.com\/fr\/wp-json\/wp\/v2\/media?parent=2104"}],"curies":[{"name":"wp","href":"https:\/\/api.w.org\/{rel}","templated":true}]}}